{"id":340,"date":"2025-09-02T17:01:49","date_gmt":"2025-09-02T15:01:49","guid":{"rendered":"https:\/\/fila-mitsubishi.ch\/?page_id=340"},"modified":"2025-09-02T17:23:22","modified_gmt":"2025-09-02T15:23:22","slug":"nlpd","status":"publish","type":"page","link":"https:\/\/fila-mitsubishi.ch\/es\/nlpd\/","title":{"rendered":"Protecci\u00f3n de datos personales"},"content":{"rendered":"<div data-elementor-type=\"wp-page\" data-elementor-id=\"340\" class=\"elementor elementor-340\" data-elementor-post-type=\"page\">\n\t\t\t\t<div class=\"elementor-element elementor-element-b849ee3 e-flex e-con-boxed e-con e-parent\" data-id=\"b849ee3\" data-element_type=\"container\" data-e-type=\"container\">\n\t\t\t\t\t<div class=\"e-con-inner\">\n\t\t\t\t<div class=\"elementor-element elementor-element-72a843a elementor-widget elementor-widget-heading\" data-id=\"72a843a\" data-element_type=\"widget\" data-e-type=\"widget\" data-widget_type=\"heading.default\">\n\t\t\t\t\t<h1 class=\"elementor-heading-title elementor-size-default\">Protecci\u00f3n de datos personales<\/h1>\t\t\t\t<\/div>\n\t\t\t\t<div class=\"elementor-element elementor-element-c28eb91 elementor-widget elementor-widget-text-editor\" data-id=\"c28eb91\" data-element_type=\"widget\" data-e-type=\"widget\" data-widget_type=\"text-editor.default\">\n\t\t\t\t\t\t\t\t\t<p>La normativa suiza sobre protecci\u00f3n de datos personales ha experimentado importantes cambios, que han dado lugar al Reglamento General sobre la Nueva Ley de Protecci\u00f3n de Datos (nLPD) de 1 de septiembre de 2023.<\/p><p>Nuestra empresa, deseosa de ajustarse a una normativa capaz de mejorar las relaciones con nuestros clientes europeos, ha cumplido y expresa en esta carta su apego a la calidad del servicio prestado a nuestros clientes, ya sean particulares o profesionales.<\/p><p>Este nuevo reglamento, que se aplica a los ciudadanos europeos que no son profesionales y, por tanto, se consideran \"personas f\u00edsicas\", refuerza el control del propio ciudadano sobre el uso de sus datos. El reglamento se aplica a todo tratamiento de datos personales, automatizado o no, independientemente de que los datos est\u00e9n contenidos en un fichero o est\u00e9n destinados a ser incluidos en un fichero.<\/p><h4>\u00bfQu\u00e9 son los datos personales de una persona?<\/h4><p>Por definici\u00f3n, un dato personal es: \"Cualquier informaci\u00f3n relativa a una persona f\u00edsica identificada directa (apellidos, nombre) o indirectamente (mediante un identificador, n\u00famero de cliente, n\u00famero de tel\u00e9fono, etc.). Una persona f\u00edsica puede ser identificada a partir de un \u00fanico dato (n\u00famero ABS o SS) o mediante el cruce de un conjunto de datos.<\/p><h4>\u00bfQu\u00e9 datos personales podemos recopilar?<\/h4><p>S\u00f3lo recopilamos datos adecuados y pertinentes, estrictamente limitados a la prestaci\u00f3n del servicio que ha solicitado y, con su consentimiento, datos relativos a nuestras actividades comerciales y de prospecci\u00f3n.<\/p><h4>\u00bfPor qu\u00e9 necesitamos recoger y tratar sus datos personales?<\/h4><p>Sus datos personales se recogen y procesan para permitirnos concluir, gestionar, modificar y ejecutar el servicio que ha solicitado y, con su consentimiento, para informarle de los servicios y productos que Fila Group SA pone a su disposici\u00f3n.<\/p><h4>\u00bfA qui\u00e9n se transmiten sus datos personales?<\/h4><p>Sus datos personales est\u00e1n destinados a los empleados de Fila Group SA seg\u00fan su funci\u00f3n y a algunos de nuestros subcontratistas. Todos los miembros de nuestro personal han recibido formaci\u00f3n y cumplen la nLPD. Nuestros subcontratistas tambi\u00e9n cumplen con los requisitos de la nLPD con el fin de garantizar que el servicio solicitado se lleva a cabo correctamente. Ninguno de los datos recogidos se transfiere o vende a un tercero que no sea un subcontratista reconocido. Los datos se alojan exclusivamente en Suiza y Europa.<\/p><h4>\u00bfCu\u00e1nto tiempo conservamos sus datos personales?<\/h4><p>Los datos personales recogidos y tratados en el marco de un servicio solicitado, de un contacto comercial o de un seguimiento de ventas se conservan de acuerdo con los plazos de prescripci\u00f3n legales establecidos seg\u00fan la naturaleza del contrato y de conformidad con la normativa suiza, es decir, 10 a\u00f1os. En caso de prospecci\u00f3n comercial, los datos personales se conservan durante 2 a\u00f1os a partir de la fecha de recogida o del \u00faltimo contacto con el interesado. A continuaci\u00f3n, los datos se anonimizan para preservar la base de los estudios estad\u00edsticos de la empresa.<\/p><h4>\u00bfQu\u00e9 medidas de seguridad existen para proteger sus datos?<\/h4><p>De conformidad con el Reglamento General de Protecci\u00f3n de Datos de Car\u00e1cter Personal aplicable, usted tiene una serie de derechos:<\/p><ul><li>Derecho de acceso: puede obtener informaci\u00f3n sobre el tratamiento de sus datos personales y una copia de los mismos.<\/li><li>Derecho de rectificaci\u00f3n: si considera que sus datos personales son inexactos o incompletos, puede solicitar que se modifiquen en consecuencia.<\/li><li>Derecho de supresi\u00f3n: puede solicitar la supresi\u00f3n de sus datos personales en la medida en que lo permita la ley.<\/li><li>Derecho a limitar el tratamiento: puede solicitar que se limite el tratamiento de sus datos personales.<\/li><li>Derecho de oposici\u00f3n: puede oponerse al tratamiento de sus datos personales por motivos relacionados con su situaci\u00f3n particular. Tiene derecho absoluto a oponerse al tratamiento de sus datos personales con fines de prospecci\u00f3n comercial, incluida la elaboraci\u00f3n de perfiles asociada a dicha prospecci\u00f3n.<\/li><li>Tiene derecho a definir directrices relativas a la conservaci\u00f3n, supresi\u00f3n o comunicaci\u00f3n de sus datos personales, aplicables tras su fallecimiento.<\/li><li>Derecho a retirar su consentimiento: si ha dado su consentimiento al tratamiento de sus datos personales, tiene derecho a retirarlo en cualquier momento.<\/li><\/ul><p>Puede ejercer estos derechos escribiendo al RPD de Fila Groupe SA - Ch. de Treycovagnes 7, 1400 Yverdon-les-Bains o por correo electr\u00f3nico a media@fila-groupe.ch.<\/p><h4>\u00bfQu\u00e9 derechos tienes?<\/h4><p>Por definici\u00f3n, un dato personal es: \"Cualquier informaci\u00f3n relativa a una persona f\u00edsica identificada directa (apellidos, nombre) o indirectamente (mediante un identificador, n\u00famero de cliente, n\u00famero de tel\u00e9fono, etc.). Una persona f\u00edsica puede ser identificada a partir de un \u00fanico dato (n\u00famero ABS o SS) o mediante el cruce de un conjunto de datos.<\/p>\t\t\t\t\t\t\t\t<\/div>\n\t\t\t\t\t<\/div>\n\t\t\t\t<\/div>\n\t\t\t\t<\/div>","protected":false},"excerpt":{"rendered":"<p>La r\u00e9glementation suisse relative \u00e0 la protection des donn\u00e9es \u00e0 caract\u00e8re personnel conna\u00eet une \u00e9volution majeure qui a donn\u00e9 lieu au R\u00e8glement G\u00e9n\u00e9ral \u00e0 la Nouvelle Loi sur la Protection des Donn\u00e9es \u00ab nLPD \u00bb du 1er septembre 2023. Notre soci\u00e9t\u00e9, soucieuse de respecter les r\u00e9glementations capables d\u2019am\u00e9liorer les relations avec nos clients europ\u00e9ens, c\u2019est [&hellip;]<\/p>\n","protected":false},"author":1,"featured_media":0,"parent":0,"menu_order":0,"comment_status":"closed","ping_status":"closed","template":"elementor_header_footer","meta":{"footnotes":""},"class_list":["post-340","page","type-page","status-publish","hentry"],"yoast_head":"<!-- This site is optimized with the Yoast SEO plugin v27.1.1 - https:\/\/yoast.com\/product\/yoast-seo-wordpress\/ -->\n<title>Protection des donn\u00e9es personnelles - Fila Mitsubishi<\/title>\n<meta name=\"robots\" content=\"noindex, follow, max-snippet:-1, max-image-preview:large, max-video-preview:-1\" \/>\n<meta property=\"og:locale\" content=\"es_ES\" \/>\n<meta property=\"og:type\" content=\"article\" \/>\n<meta property=\"og:title\" content=\"Protection des donn\u00e9es personnelles - Fila Mitsubishi\" \/>\n<meta property=\"og:description\" content=\"La r\u00e9glementation suisse relative \u00e0 la protection des donn\u00e9es \u00e0 caract\u00e8re personnel conna\u00eet une \u00e9volution majeure qui a donn\u00e9 lieu au R\u00e8glement G\u00e9n\u00e9ral \u00e0 la Nouvelle Loi sur la Protection des Donn\u00e9es \u00ab nLPD \u00bb du 1er septembre 2023. Notre soci\u00e9t\u00e9, soucieuse de respecter les r\u00e9glementations capables d\u2019am\u00e9liorer les relations avec nos clients europ\u00e9ens, c\u2019est [&hellip;]\" \/>\n<meta property=\"og:url\" content=\"https:\/\/fila-mitsubishi.ch\/es\/nlpd\/\" \/>\n<meta property=\"og:site_name\" content=\"Fila Mitsubishi\" \/>\n<meta property=\"article:modified_time\" content=\"2025-09-02T15:23:22+00:00\" \/>\n<meta name=\"twitter:card\" content=\"summary_large_image\" \/>\n<meta name=\"twitter:label1\" content=\"Tiempo de lectura\" \/>\n\t<meta name=\"twitter:data1\" content=\"4 minutos\" \/>\n<script type=\"application\/ld+json\" class=\"yoast-schema-graph\">{\"@context\":\"https:\/\/schema.org\",\"@graph\":[{\"@type\":\"WebPage\",\"@id\":\"https:\/\/fila-mitsubishi.ch\/nlpd\/\",\"url\":\"https:\/\/fila-mitsubishi.ch\/nlpd\/\",\"name\":\"Protection des donn\u00e9es personnelles - Fila Mitsubishi\",\"isPartOf\":{\"@id\":\"https:\/\/fila-mitsubishi.ch\/#website\"},\"datePublished\":\"2025-09-02T15:01:49+00:00\",\"dateModified\":\"2025-09-02T15:23:22+00:00\",\"breadcrumb\":{\"@id\":\"https:\/\/fila-mitsubishi.ch\/nlpd\/#breadcrumb\"},\"inLanguage\":\"es\",\"potentialAction\":[{\"@type\":\"ReadAction\",\"target\":[\"https:\/\/fila-mitsubishi.ch\/nlpd\/\"]}]},{\"@type\":\"BreadcrumbList\",\"@id\":\"https:\/\/fila-mitsubishi.ch\/nlpd\/#breadcrumb\",\"itemListElement\":[{\"@type\":\"ListItem\",\"position\":1,\"name\":\"Accueil\",\"item\":\"https:\/\/fila-mitsubishi.ch\/\"},{\"@type\":\"ListItem\",\"position\":2,\"name\":\"Protection des donn\u00e9es personnelles\"}]},{\"@type\":\"WebSite\",\"@id\":\"https:\/\/fila-mitsubishi.ch\/#website\",\"url\":\"https:\/\/fila-mitsubishi.ch\/\",\"name\":\"Fila Mitsubishi\",\"description\":\"\",\"potentialAction\":[{\"@type\":\"SearchAction\",\"target\":{\"@type\":\"EntryPoint\",\"urlTemplate\":\"https:\/\/fila-mitsubishi.ch\/?s={search_term_string}\"},\"query-input\":{\"@type\":\"PropertyValueSpecification\",\"valueRequired\":true,\"valueName\":\"search_term_string\"}}],\"inLanguage\":\"es\"}]}<\/script>\n<!-- \/ Yoast SEO plugin. -->","yoast_head_json":{"title":"Protection des donn\u00e9es personnelles - Fila Mitsubishi","robots":{"index":"noindex","follow":"follow","max-snippet":"max-snippet:-1","max-image-preview":"max-image-preview:large","max-video-preview":"max-video-preview:-1"},"og_locale":"es_ES","og_type":"article","og_title":"Protection des donn\u00e9es personnelles - Fila Mitsubishi","og_description":"La r\u00e9glementation suisse relative \u00e0 la protection des donn\u00e9es \u00e0 caract\u00e8re personnel conna\u00eet une \u00e9volution majeure qui a donn\u00e9 lieu au R\u00e8glement G\u00e9n\u00e9ral \u00e0 la Nouvelle Loi sur la Protection des Donn\u00e9es \u00ab nLPD \u00bb du 1er septembre 2023. Notre soci\u00e9t\u00e9, soucieuse de respecter les r\u00e9glementations capables d\u2019am\u00e9liorer les relations avec nos clients europ\u00e9ens, c\u2019est [&hellip;]","og_url":"https:\/\/fila-mitsubishi.ch\/es\/nlpd\/","og_site_name":"Fila Mitsubishi","article_modified_time":"2025-09-02T15:23:22+00:00","twitter_card":"summary_large_image","twitter_misc":{"Tiempo de lectura":"4 minutos"},"schema":{"@context":"https:\/\/schema.org","@graph":[{"@type":"WebPage","@id":"https:\/\/fila-mitsubishi.ch\/nlpd\/","url":"https:\/\/fila-mitsubishi.ch\/nlpd\/","name":"Protection des donn\u00e9es personnelles - Fila Mitsubishi","isPartOf":{"@id":"https:\/\/fila-mitsubishi.ch\/#website"},"datePublished":"2025-09-02T15:01:49+00:00","dateModified":"2025-09-02T15:23:22+00:00","breadcrumb":{"@id":"https:\/\/fila-mitsubishi.ch\/nlpd\/#breadcrumb"},"inLanguage":"es","potentialAction":[{"@type":"ReadAction","target":["https:\/\/fila-mitsubishi.ch\/nlpd\/"]}]},{"@type":"BreadcrumbList","@id":"https:\/\/fila-mitsubishi.ch\/nlpd\/#breadcrumb","itemListElement":[{"@type":"ListItem","position":1,"name":"Accueil","item":"https:\/\/fila-mitsubishi.ch\/"},{"@type":"ListItem","position":2,"name":"Protection des donn\u00e9es personnelles"}]},{"@type":"WebSite","@id":"https:\/\/fila-mitsubishi.ch\/#website","url":"https:\/\/fila-mitsubishi.ch\/","name":"Fila Mitsubishi","description":"","potentialAction":[{"@type":"SearchAction","target":{"@type":"EntryPoint","urlTemplate":"https:\/\/fila-mitsubishi.ch\/?s={search_term_string}"},"query-input":{"@type":"PropertyValueSpecification","valueRequired":true,"valueName":"search_term_string"}}],"inLanguage":"es"}]}},"_links":{"self":[{"href":"https:\/\/fila-mitsubishi.ch\/es\/wp-json\/wp\/v2\/pages\/340","targetHints":{"allow":["GET"]}}],"collection":[{"href":"https:\/\/fila-mitsubishi.ch\/es\/wp-json\/wp\/v2\/pages"}],"about":[{"href":"https:\/\/fila-mitsubishi.ch\/es\/wp-json\/wp\/v2\/types\/page"}],"author":[{"embeddable":true,"href":"https:\/\/fila-mitsubishi.ch\/es\/wp-json\/wp\/v2\/users\/1"}],"replies":[{"embeddable":true,"href":"https:\/\/fila-mitsubishi.ch\/es\/wp-json\/wp\/v2\/comments?post=340"}],"version-history":[{"count":7,"href":"https:\/\/fila-mitsubishi.ch\/es\/wp-json\/wp\/v2\/pages\/340\/revisions"}],"predecessor-version":[{"id":382,"href":"https:\/\/fila-mitsubishi.ch\/es\/wp-json\/wp\/v2\/pages\/340\/revisions\/382"}],"wp:attachment":[{"href":"https:\/\/fila-mitsubishi.ch\/es\/wp-json\/wp\/v2\/media?parent=340"}],"curies":[{"name":"wp","href":"https:\/\/api.w.org\/{rel}","templated":true}]}}